{"id":19,"date":"2009-03-24T13:36:44","date_gmt":"2009-03-24T13:36:44","guid":{"rendered":"http:\/\/wordpress.claudiotereso.com\/?page_id=19"},"modified":"2026-02-11T10:47:29","modified_gmt":"2026-02-11T10:47:29","slug":"publicacoes","status":"publish","type":"page","link":"https:\/\/work.claudiotereso.com\/en\/publicacoes\/","title":{"rendered":"Publications"},"content":{"rendered":"<p><!--:pt--><\/p>\r\n<h2>Books<\/h2>\r\n<blockquote>\r\n<p>Tereso C. Redes Locais Em Windows 98 &amp; Me. Lisboa: FCA-Ed. de Inform\u00e1tica; 2001. <a href=\"http:\/\/id.bnportugal.gov.pt\/bib\/catbnp\/1082167\" target=\"_blank\" rel=\"noopener noreferrer\">http:\/\/id.bnportugal.gov.pt\/bib\/catbnp\/1082167<\/a>.<\/p>\r\n<p>Tereso C. Redes Locais Em Windows 95 &amp; 98. Lisboa: FCA-Ed. de Inform\u00e1tica; 1999. <a href=\"http:\/\/id.bnportugal.gov.pt\/bib\/catbnp\/1015651\" target=\"_blank\" rel=\"noopener noreferrer\">http:\/\/id.bnportugal.gov.pt\/bib\/catbnp\/1015651<\/a>.<\/p>\r\n<\/blockquote>\r\n<h2>Published Articles<\/h2>\r\n<blockquote>\r\n<p>Tereso, C. (2022). Arremedas &#8211; supersti\u00e7\u00e3o ou realidade? <i>Internet Latent Corpus Journal<\/i>, <i>12<\/i>(1), 61\u201369. <a href=\"https:\/\/doi.org\/10.34624\/ILCJ.V12I1.28837\" target=\"_blank\" rel=\"noopener\">doi.org\/10.34624\/ILCJ.V12I1.28837<\/a><\/p>\r\n<p>Tereso C., Carvalho ES. Visualiza\u00e7\u00e3o dos Acessos a F\u00f3runs em um Ambiente de Ensino \u00e0 Dist\u00e2ncia. Abak\u00f3s. 2019;7(3):51-63. <a href=\"https:\/\/doi.org\/10.5752\/P.2316-9451.2019v7n3p51-63\" target=\"_blank\" rel=\"noopener noreferrer\">doi:10.5752\/P.2316-9451.2019v7n3p51-63<\/a>\u00a0<\/p>\r\n<p>Tereso C., Carvalho ES. Desenvolvimento de uma ferramenta visual para an\u00e1lise das intera\u00e7\u00f5es em f\u00f3runs num ambiente de e-learning. Rev Ci\u00eancias da Comput. 2016;11(11):13-24. http:\/\/inqueritos.lead.uab.pt\/OJS\/index.php\/RCC\/article\/view\/110. <a href=\"https:\/\/doi.org\/10.34627\/rcc.v11i0.82\" target=\"_blank\" rel=\"noopener noreferrer\">doi.org\/10.34627\/rcc.v11i0.82<\/a><\/p>\r\n<\/blockquote>\r\n<p><!--:--><!--:en--><\/p>\r\n<h2>Articles Published on Specialized Technical Platforms<\/h2>\r\n<blockquote>\r\n<p class=\"translation-block\"><a href=\"https:\/\/www.sqlservercentral.com\/author\/claudiotereso\" target=\"_blank\" rel=\"noopener\">Sql Server Center<\/a>, Specialized technical site and professional community dedicated to SQL Server and the Data Platform<\/p>\r\n<\/blockquote>\r\n<p><!--:--><\/p><!--themify_builder_content-->\n<div id=\"themify_builder_content-19\" data-postid=\"19\" class=\"themify_builder_content themify_builder_content-19 themify_builder tf_clear\">\n    <\/div>\n<!--\/themify_builder_content-->","protected":false},"excerpt":{"rendered":"<p>Livros Tereso C. Redes Locais Em Windows 98 &amp; Me. Lisboa: FCA-Ed. de Inform\u00e1tica; 2001. http:\/\/id.bnportugal.gov.pt\/bib\/catbnp\/1082167. Tereso C. Redes Locais Em Windows 95 &amp; 98. Lisboa: FCA-Ed. de Inform\u00e1tica; 1999. http:\/\/id.bnportugal.gov.pt\/bib\/catbnp\/1015651. Artigos Publicados Tereso, C. (2022). Arremedas &#8211; supersti\u00e7\u00e3o ou realidade? Internet Latent Corpus Journal, 12(1), 61\u201369. doi.org\/10.34624\/ILCJ.V12I1.28837 Tereso C., Carvalho ES. Visualiza\u00e7\u00e3o dos Acessos [&hellip;]<\/p>\n","protected":false},"author":2,"featured_media":0,"parent":0,"menu_order":1,"comment_status":"closed","ping_status":"closed","template":"","meta":{"_crdt_document":"","footnotes":""},"class_list":["post-19","page","type-page","status-publish","hentry","has-post-title","has-post-date","has-post-category","has-post-tag","has-post-comment","has-post-author",""],"jetpack_sharing_enabled":true,"_links":{"self":[{"href":"https:\/\/work.claudiotereso.com\/en\/wp-json\/wp\/v2\/pages\/19","targetHints":{"allow":["GET"]}}],"collection":[{"href":"https:\/\/work.claudiotereso.com\/en\/wp-json\/wp\/v2\/pages"}],"about":[{"href":"https:\/\/work.claudiotereso.com\/en\/wp-json\/wp\/v2\/types\/page"}],"author":[{"embeddable":true,"href":"https:\/\/work.claudiotereso.com\/en\/wp-json\/wp\/v2\/users\/2"}],"replies":[{"embeddable":true,"href":"https:\/\/work.claudiotereso.com\/en\/wp-json\/wp\/v2\/comments?post=19"}],"version-history":[{"count":106,"href":"https:\/\/work.claudiotereso.com\/en\/wp-json\/wp\/v2\/pages\/19\/revisions"}],"predecessor-version":[{"id":1065,"href":"https:\/\/work.claudiotereso.com\/en\/wp-json\/wp\/v2\/pages\/19\/revisions\/1065"}],"wp:attachment":[{"href":"https:\/\/work.claudiotereso.com\/en\/wp-json\/wp\/v2\/media?parent=19"}],"curies":[{"name":"wp","href":"https:\/\/api.w.org\/{rel}","templated":true}]}}