{"id":38,"date":"2009-03-25T02:25:29","date_gmt":"2009-03-25T02:25:29","guid":{"rendered":"http:\/\/work.claudiotereso.com\/?page_id=38"},"modified":"2026-01-21T14:08:49","modified_gmt":"2026-01-21T14:08:49","slug":"sobre","status":"publish","type":"page","link":"https:\/\/work.claudiotereso.com\/en\/","title":{"rendered":"About"},"content":{"rendered":"<table style=\"border-collapse: collapse; width: 100%;\">\r\n<tbody>\r\n<tr>\r\n<td style=\"width: 33.3333%; text-align: center;\">\r\n<figure id=\"attachment_869\" aria-describedby=\"caption-attachment-869\" style=\"width: 100px\" class=\"wp-caption aligncenter\"><a href=\"https:\/\/learn.microsoft.com\/api\/credentials\/share\/en-us\/claudiotereso\/F4CF221941263A23?sharingId=5D4F5471B35E2E5C\" target=\"_blank\" rel=\"noopener\"><img loading=\"lazy\" decoding=\"async\" class=\"wp-image-869\" title=\"Earned on: June 24, 2024 | Expires on: June 25, 2026\" src=\"https:\/\/work.claudiotereso.com\/wp-content\/uploads\/2025\/04\/mca.png\" alt=\"\" width=\"100\" height=\"97\" \/><\/a><figcaption id=\"caption-attachment-869\" class=\"wp-caption-text\">Fabric Analytics Engineer Associate<\/figcaption><\/figure>\r\n<\/td>\r\n<td style=\"width: 33.3333%;\">\r\n<figure id=\"attachment_869\" aria-describedby=\"caption-attachment-869\" style=\"width: 100px\" class=\"wp-caption aligncenter\"><a href=\"https:\/\/learn.microsoft.com\/api\/credentials\/share\/en-us\/claudiotereso\/64DF9BADA0199E10?sharingId=5D4F5471B35E2E5C\" target=\"_blank\" rel=\"noopener\"><img loading=\"lazy\" decoding=\"async\" class=\"wp-image-869\" title=\"Earned on: July 15, 2024 | Expires on: July 16, 2026\" src=\"https:\/\/work.claudiotereso.com\/wp-content\/uploads\/2025\/04\/mca.png\" alt=\"\" width=\"100\" height=\"97\" \/><\/a><figcaption id=\"caption-attachment-869\" class=\"wp-caption-text\">Power BI Data Analyst Associate<\/figcaption><\/figure>\r\n<\/td>\r\n<td style=\"width: 33.3333%;\">\r\n<figure id=\"attachment_869\" aria-describedby=\"caption-attachment-869\" style=\"width: 100px\" class=\"wp-caption aligncenter\"><a href=\"https:\/\/learn.microsoft.com\/api\/credentials\/share\/en-us\/claudiotereso\/89B844218FB9625D?sharingId=5D4F5471B35E2E5C\" target=\"_blank\" rel=\"noopener\"><img loading=\"lazy\" decoding=\"async\" class=\"wp-image-869\" title=\"Earned on: April 10, 2025 | Expires on: April 11, 2026\" src=\"https:\/\/work.claudiotereso.com\/wp-content\/uploads\/2025\/04\/mca.png\" alt=\"\" width=\"100\" height=\"97\" \/><\/a><figcaption id=\"caption-attachment-869\" class=\"wp-caption-text\">Fabric Data Engineer Associate<\/figcaption><\/figure>\r\n<\/td>\r\n<\/tr>\r\n<\/tbody>\r\n<\/table>\r\n<p class=\"translation-block\">I'm from the Spectrum generation. I started copying programs from books so I could play them when I wasn't even 10 years old. From there, programming my own programs was a leap. As a teenager I did programming work for university students and when I started working it was in programming.\n\nMy interests changed and I entered the area of databases, SQL programming and network administration, areas in which I obtained several Microsoft certifications. Along the way I also published the books, by the Portuguese Editor FCA, \"Local Networks in Windows 98 &amp; 95 - Complete Course\" and the corresponding update for the hated Windows Me.\n\nAround 40 I decided to \"formalize\" my knowledge and took a degree in IT at the Universidade Aberta (17 points).<\/p>\r\n<p>I'm updating my Microsoft certifications and have already obtained some in the areas of Azure and Power Platform. I also continue at the Open University to attend Isolated Curricular Units of the Master's Degree in Computer Engineering and Web Technology.<br \/>Para aumentar os meus conhecimentos nessa \u00e1rea frequentei o &#8220;Microsoft Professional Program for Data Science track&#8221; que infelizmente foi descontinuado quando me faltava apenas um m\u00f3dulo.<br \/><br \/><del><\/del>In 2023 I finished my postgraduate degree in biostatistics and biometrics at Universidade Aberta (17 points). The initial idea was to do the respective master's degree, but now I don't have time to do the dissertation.<\/p>\r\n<p>I'm updating my Microsoft certifications and have already obtained some in the areas of Azure and Power Platform. I also continue at the Open University to attend Isolated Curricular Units of the Master's Degree in Computer Engineering and Web Technology.<\/p>\r\n\r\n\r\n<!--themify_builder_content-->\n<div id=\"themify_builder_content-38\" data-postid=\"38\" class=\"themify_builder_content themify_builder_content-38 themify_builder tf_clear\">\n    <\/div>\n<!--\/themify_builder_content-->","protected":false},"excerpt":{"rendered":"<p>Sou da gera\u00e7\u00e3o Spectrum. Comecei a copiar programas dos livros para poder jogar devia ter pouco mais de 10 anos. Da\u00ed a programar os meus pr\u00f3prios programas foi um salto. Na adolesc\u00eancia fazia os trabalhos de programa\u00e7\u00e3o para alunos universit\u00e1rios e quando comecei a trabalhar foi em programa\u00e7\u00e3o.Os meus interesses foram mudando e entretanto o [&hellip;]<\/p>\n","protected":false},"author":2,"featured_media":0,"parent":0,"menu_order":0,"comment_status":"closed","ping_status":"closed","template":"","meta":{"_crdt_document":"","footnotes":""},"class_list":["post-38","page","type-page","status-publish","hentry","has-post-title","has-post-date","has-post-category","has-post-tag","has-post-comment","has-post-author",""],"jetpack_sharing_enabled":true,"_links":{"self":[{"href":"https:\/\/work.claudiotereso.com\/en\/wp-json\/wp\/v2\/pages\/38","targetHints":{"allow":["GET"]}}],"collection":[{"href":"https:\/\/work.claudiotereso.com\/en\/wp-json\/wp\/v2\/pages"}],"about":[{"href":"https:\/\/work.claudiotereso.com\/en\/wp-json\/wp\/v2\/types\/page"}],"author":[{"embeddable":true,"href":"https:\/\/work.claudiotereso.com\/en\/wp-json\/wp\/v2\/users\/2"}],"replies":[{"embeddable":true,"href":"https:\/\/work.claudiotereso.com\/en\/wp-json\/wp\/v2\/comments?post=38"}],"version-history":[{"count":44,"href":"https:\/\/work.claudiotereso.com\/en\/wp-json\/wp\/v2\/pages\/38\/revisions"}],"predecessor-version":[{"id":1052,"href":"https:\/\/work.claudiotereso.com\/en\/wp-json\/wp\/v2\/pages\/38\/revisions\/1052"}],"wp:attachment":[{"href":"https:\/\/work.claudiotereso.com\/en\/wp-json\/wp\/v2\/media?parent=38"}],"curies":[{"name":"wp","href":"https:\/\/api.w.org\/{rel}","templated":true}]}}